{"id":6,"date":"2023-08-06T15:07:35","date_gmt":"2023-08-06T13:07:35","guid":{"rendered":"http:\/\/www2.rv-soft.net\/?page_id=6"},"modified":"2026-02-02T12:46:52","modified_gmt":"2026-02-02T11:46:52","slug":"hlavni-stranka","status":"publish","type":"page","link":"https:\/\/www.rv-soft.net\/","title":{"rendered":"\u00davod"},"content":{"rendered":"<table border=\"0\" width=\"700\" style=\"border-style: hidden;\">\n<tbody>\n<tr>\n<td bgcolor=\"#F0F0F0\" height=\"20\" style=\"border-top-left-radius: 7px;\"><\/td>\n<td valign=\"middle\" nowrap=\"nowrap\" bgcolor=\"#F0F0F0\" width=\"100%\" style=\"border-top-right-radius: 7px;\"><span style=\"color: black; font-size: x-large;\">Nab\u00edz\u00edme<\/span><\/td>\n<\/tr>\n<\/tbody>\n<tbody>\n<tr>\n<td bgcolor=\"#D0D0D0\" height=\"20\"><\/td>\n<td valign=\"middle\" nowrap=\"nowrap\" bgcolor=\"#D0D0D0\" width=\"100%\" style=\"font-size: 17px;\">\n<ul>\n<li style=\"text-align: left;\">Opravy, revize stroj\u016f a pr\u016fmyslov\u00fdch za\u0159\u00edzen\u00ed<\/li>\n<li style=\"text-align: left;\">Opravy, kontroly a dohled nad va\u0161\u00edm IT vybaven\u00edm<\/li>\n<li style=\"text-align: left;\">Prov\u00e1d\u00edme bezpe\u010dnostn\u00ed audit va\u0161eho IT vybaven\u00ed<\/li>\n<li style=\"text-align: left;\">Instalace, opravy, m\u011b\u0159en\u00ed a sva\u0159ov\u00e1n\u00ed optick\u00fdch kabel\u016f<\/li>\n<li style=\"text-align: left;\">Diagnostika, opravy a m\u011b\u0159en\u00ed kvality a propustnosti xDSL s\u00edt\u00ed<\/li>\n<li style=\"text-align: left;\">Spr\u00e1va telekomunika\u010dn\u00edch s\u00edt\u00ed, sm\u011brova\u010d\u016f, firewall\u016f a server\u016f<\/li>\n<li style=\"text-align: left;\">Opravy, revize, posudky a mont\u00e1\u017ee protipo\u017e\u00e1rn\u00edch syst\u00e9m\u016f (EPS)<\/li>\n<li style=\"text-align: left;\">Mont\u00e1\u017ee, opravy, revize a zkou\u0161ky vyhrazen\u00fdch elektrick\u00fdch za\u0159\u00edzen\u00ed<\/li>\n<li style=\"text-align: left;\">Opravy, mont\u00e1\u017ee, revize zabezpe\u010dovac\u00ed (EZS) a kamerov\u00e9 techniky<\/li>\n<li style=\"text-align: left;\">Opravy a programov\u00e1n\u00ed pr\u016fmyslov\u00fdch elektronick\u00fdch za\u0159\u00edzen\u00ed<\/li>\n<li style=\"text-align: left;\">Opravy p\u0159\u00edstupov\u00fdch a domovn\u00edch komunika\u010dn\u00edch syst\u00e9m\u016f<\/li>\n<li style=\"text-align: left;\">Opravy, kontroly a revize tepeln\u00fdch \u010derpadel NIBE<\/li>\n<li style=\"text-align: left;\">V\u00fdroba prvk\u016f pr\u016fmyslov\u00e9 automatizace<\/li>\n<li style=\"text-align: left;\">Jsme smluvn\u00edm partnerem \u010cEZ Distribuce a.s.<\/li>\n<\/ul>\n<\/td>\n<\/tr>\n<\/tbody>\n<tbody>\n<tr>\n<td bgcolor=\"#F0F0F0\" height=\"20\" style=\"border-bottom-left-radius: 7px;\"><\/td>\n<td valign=\"middle\" align=\"center\" nowrap=\"nowrap\" bgcolor=\"#F0F0F0\" width=\"100%\" style=\"color: black; font-size: 20px;border-bottom-right-radius: 7px;\"><center>jsme kvalita, jsme budoucnost, jsme firma s tradic\u00ed ji\u017e od roku 1994&nbsp;<\/center><\/td>\n<\/tr>\n<\/tbody>\n<\/table>\n<table border=\"0\" width=\"700\" style=\"border-style: hidden;\">\n<tbody>\n<tr>\n<td bgcolor=\"#1c95c9\" height=\"20\" style=\"border-top-left-radius: 7px; border-bottom-left-radius: 7px;\"><\/td>\n<td bgcolor=\"#D0D0D0\" width=\"100%\" style=\"padding-left: 10px; font-size: 15px; border-top-right-radius: 7px; border-bottom-right-radius: 7px;\">\n&nbsp;&nbsp;&nbsp;&nbsp;&nbsp;&nbsp;Prov\u00e1d\u00edme vzd\u00e1len\u00fd dohled, servis i b\u011b\u017enou \u00fadr\u017ebu va\u0161eho <b>IT<\/b> vybaven\u00ed. D\u00e1le prov\u00e1d\u00edme spr\u00e1vu datov\u00fdch a telekomunika\u010dn\u00edch s\u00edt\u00ed, spr\u00e1vu sm\u011brova\u010d\u016f <b>Mikrotik<\/b>, <b>Cisco<\/b> aj., spr\u00e1vu server\u016f <b>Windows<\/b>, <b>Unix\/Linux<\/b>, a tak\u00e9 instalace, m\u011b\u0159en\u00ed, sva\u0159ov\u00e1n\u00ed optick\u00fdch kabel\u016f a diagnostiku <b>xDSL<\/b> s\u00edt\u00ed.<\/td>\n<\/tr>\n<\/tbody>\n<\/table>\n<table border=\"0\" width=\"700\" style=\"border-style: hidden;\">\n<tbody>\n<tr>\n<td bgcolor=\"#1c95c9\" height=\"20\" style=\"border-top-left-radius: 7px; border-bottom-left-radius: 7px;\"><\/td>\n<td bgcolor=\"#D0D0D0\" width=\"100%\" style=\"padding-left: 10px; font-size: 15px; border-top-right-radius: 7px; border-bottom-right-radius: 7px;\">\n&nbsp;&nbsp;&nbsp;&nbsp;&nbsp;&nbsp;Opravujeme komponenty pr\u016fmyslov\u00e9 automatizace, stroje a za\u0159\u00edzen\u00ed, desky elektronik tepeln\u00fdch \u010derpadel, klimatizac\u00ed, sek\u010dn\u00edch vrat, sol\u00e1rn\u00edch m\u011bni\u010d\u016f, kotl\u016f a mnoho dal\u0161\u00edch. Jsme schopni modernizovat jedno\u00fa\u010delov\u00e9 stroje na \u010d\u00edslicov\u00e9 <b>PLC<\/b> \u0159\u00edzen\u00ed.<\/td>\n<\/tr>\n<\/tbody>\n<\/table>\n<table border=\"0\" width=\"700\" style=\"border-style: hidden;\">\n<tbody>\n<tr>\n<td bgcolor=\"#1c95c9\" height=\"20\" style=\"border-top-left-radius: 7px; border-bottom-left-radius: 7px;\"><\/td>\n<td bgcolor=\"#D0D0D0\" width=\"100%\" style=\"padding-left: 10px; font-size: 15px; border-top-right-radius: 7px; border-bottom-right-radius: 7px;\">\n&nbsp;&nbsp;&nbsp;&nbsp;&nbsp;&nbsp;Prov\u00e1d\u00edme revize a posudky elektronick\u00fdch protipo\u017e\u00e1rn\u00edch a zabezpe\u010dovac\u00edch syst\u00e9m\u016f (<b>EPS, EZS<\/b>) dle <b>\u010cSN 34 2710<\/b> a <b>vyhl.MV.\u010d.246\/2001 Sb.<\/b> v\u010detn\u011b jejich elektrick\u00fdch \u010d\u00e1st\u00ed dle <b>\u010cSN 33 1600 ed.2<\/b> (<b>\u010cSN 33 1500<\/b>). D\u00e1le prov\u00e1d\u00edme revize a posudky kamerov\u00fdch syst\u00e9m\u016f, p\u0159\u00edstupov\u00fdch a doch\u00e1zkov\u00fdch syst\u00e9m\u016f, el. instalac\u00ed, za\u0159\u00edzen\u00edch, spot\u0159ebi\u010d\u016f, n\u00e1\u0159ad\u00ed a komponent\u016f IT technologi\u00ed.<\/td>\n<\/tr>\n<\/tbody>\n<\/table>\n<table border=\"0\" width=\"700\" style=\"border-style: hidden;\">\n<tbody>\n<tr>\n<td bgcolor=\"#1c95c9\" height=\"20\" style=\"border-top-left-radius: 7px; border-bottom-left-radius: 7px;\"><\/td>\n<td bgcolor=\"#D0D0D0\" width=\"100%\" style=\"padding-left: 10px; font-size: 15px; border-top-right-radius: 7px; border-bottom-right-radius: 7px;\">\n&nbsp;&nbsp;&nbsp;&nbsp;&nbsp;&nbsp;Instalujeme a spravujeme ve\u0161kerou <b>zabezpe\u010dovac\u00ed<\/b> techniku, zejm\u00e9na <b>JABLOTRON<\/b>, <b>PARADOX<\/b>, <b>DAHUA<\/b>, <b>HIKVISION<\/b> a <b>HD\/CCTV\/IP<\/b> kamerov\u00e9 syst\u00e9my. D\u00e1le opravujeme <b>telefonn\u00ed \u00fast\u0159edny<\/b> v\u0161ech typ\u016f (<b>analog<\/b>, <b>ISDN<\/b>, <b>HYBRID<\/b>), domovn\u00ed p\u0159\u00edstupov\u00e9 syst\u00e9my <b>CzechPhone\u00ae<\/b>, <b>Urmet<\/b>, <b>Commax<\/b>, <b>Tesla<\/b> a mnoho dal\u0161\u00edch.<\/td>\n<\/tr>\n<\/tbody>\n<\/table>\n<table border=\"0\" width=\"700\" style=\"border-style: hidden;\">\n<tbody>\n<tr>\n<td bgcolor=\"#1c95c9\" height=\"20\" style=\"border-top-left-radius: 7px; border-bottom-left-radius: 7px;\"><\/td>\n<td bgcolor=\"#D0D0D0\" width=\"100%\" style=\"padding-left: 10px; font-size: 15px; border-top-right-radius: 7px; border-bottom-right-radius: 7px;\">\n&nbsp;&nbsp;&nbsp;&nbsp;&nbsp;&nbsp;<b>Programujeme<\/b> v\u0161echny druhy pam\u011bt\u00ed, procesor\u016f, z\u00e1ruka kvality. <b>Profi vybaven\u00ed<\/b>, maza\u010de eprom, program\u00e1tory <b>SMART<\/b> <b>karet<\/b>, program\u00e1tory <b>PROM<\/b>, <b>EPROM, EEPROM, SERIAL FLASH, PIC,ATMEL, MCU, ISP, STM8\/32<\/b> a mnoho dal\u0161\u00edch. V\u011bt\u0161inu obvod\u016f jsme schopni naprogramovat p\u0159\u00edmo na desce plo\u0161n\u00fdch spoj\u016f bez nutnosti vyletov\u00e1n\u00ed.<\/td>\n<\/tr>\n<\/tbody>\n<\/table>\n<table border=\"0\" width=\"700\" style=\"border-style: hidden;\">\n<tbody>\n<tr>\n<td bgcolor=\"#1c95c9\" height=\"20\" style=\"border-top-left-radius: 7px; border-bottom-left-radius: 7px;\"><\/td>\n<td bgcolor=\"#D0D0D0\" width=\"100%\" nowrap=\"nowrap\" align=\"left\" valign=\"top\" style=\"padding-left: 10px; font-size: 15px; border-top-right-radius: 7px; border-bottom-right-radius: 7px;\">\n<a href=\"https:\/\/www.zivefirmy.cz\/vavra-radim-axel-rv-soft-technology-%C2%AE_f1101025\" target=\"zive-firmy\" alt=\"\u017div\u00e9 firmy\"><img loading=\"lazy\" decoding=\"async\" src=\"..\/..\/image\/zivefirmy2026.png\" border=\"0\" alt=\"Spolehliv\u00e1 firma\" width=\"125\" height=\"125\"><\/a><a href=\"https:\/\/www.zivefirmy.cz\/vavra-radim-axel-rv-soft-technology-%C2%AE_f1101025\" target=\"zive-firmy\" alt=\"\u017div\u00e9 firmy\"><img loading=\"lazy\" decoding=\"async\" src=\"..\/..\/image\/spolehliva-firma-2025.png\" border=\"0\" alt=\"Spolehliv\u00e1 firma\" width=\"125\" height=\"125\"><\/a><a href=\"https:\/\/www.proverenaspolecnost.com\/\" target=\"proverena-spolecnost\" alt=\"Prov\u011b\u0159en\u00e1 spole\u010dnost\"><img loading=\"lazy\" decoding=\"async\" src=\"..\/..\/image\/Elite_gold_2023.png\" border=\"0\" alt=\"Prov\u011b\u0159en\u00e1 spole\u010dnost\" width=\"120\" height=\"120\"><\/a>\n<\/td>\n<\/td>\n<\/tr>\n<\/tbody>\n<\/table>\n","protected":false},"excerpt":{"rendered":"<p>Nab\u00edz\u00edme Opravy, revize stroj\u016f a pr\u016fmyslov\u00fdch za\u0159\u00edzen\u00ed Opravy, kontroly a dohled nad va\u0161\u00edm IT vybaven\u00edm Prov\u00e1d\u00edme bezpe\u010dnostn\u00ed audit va\u0161eho IT vybaven\u00ed Instalace, opravy, m\u011b\u0159en\u00ed a sva\u0159ov\u00e1n\u00ed optick\u00fdch kabel\u016f Diagnostika, opravy a m\u011b\u0159en\u00ed kvality a propustnosti xDSL s\u00edt\u00ed Spr\u00e1va telekomunika\u010dn\u00edch s\u00edt\u00ed, sm\u011brova\u010d\u016f, firewall\u016f a server\u016f Opravy, revize, posudky a mont\u00e1\u017ee protipo\u017e\u00e1rn\u00edch syst\u00e9m\u016f (EPS) Mont\u00e1\u017ee, opravy, revize [&hellip;]<\/p>\n","protected":false},"author":1,"featured_media":0,"parent":0,"menu_order":1,"comment_status":"closed","ping_status":"closed","template":"","meta":{"footnotes":""},"class_list":["post-6","page","type-page","status-publish","hentry"],"_links":{"self":[{"href":"https:\/\/www.rv-soft.net\/index.php\/wp-json\/wp\/v2\/pages\/6","targetHints":{"allow":["GET"]}}],"collection":[{"href":"https:\/\/www.rv-soft.net\/index.php\/wp-json\/wp\/v2\/pages"}],"about":[{"href":"https:\/\/www.rv-soft.net\/index.php\/wp-json\/wp\/v2\/types\/page"}],"author":[{"embeddable":true,"href":"https:\/\/www.rv-soft.net\/index.php\/wp-json\/wp\/v2\/users\/1"}],"replies":[{"embeddable":true,"href":"https:\/\/www.rv-soft.net\/index.php\/wp-json\/wp\/v2\/comments?post=6"}],"version-history":[{"count":225,"href":"https:\/\/www.rv-soft.net\/index.php\/wp-json\/wp\/v2\/pages\/6\/revisions"}],"predecessor-version":[{"id":809,"href":"https:\/\/www.rv-soft.net\/index.php\/wp-json\/wp\/v2\/pages\/6\/revisions\/809"}],"wp:attachment":[{"href":"https:\/\/www.rv-soft.net\/index.php\/wp-json\/wp\/v2\/media?parent=6"}],"curies":[{"name":"wp","href":"https:\/\/api.w.org\/{rel}","templated":true}]}}