{"id":240,"date":"2023-08-07T14:59:54","date_gmt":"2023-08-07T12:59:54","guid":{"rendered":"http:\/\/www2.rv-soft.net\/?page_id=240"},"modified":"2023-09-23T10:57:12","modified_gmt":"2023-09-23T08:57:12","slug":"archiv","status":"publish","type":"page","link":"https:\/\/www.rv-soft.net\/index.php\/archiv\/","title":{"rendered":"Archiv"},"content":{"rendered":"<table width=\"700\" style=\"border:0px solid; border-style: hidden;\">\n<tbody>\n<tr>\n<td bgcolor=\"#E0E0E0\" align=\"center\" valign=\"top\" style=\"border-spacing:0px;padding-left:5px;padding-right:5px;padding-top:5;padding-bottom:5;font-size:17px;border-radius:7px;\">\n<table width=\"100%\" bgcolor=\"#101010\" style=\"border-radius:7px;color:white;border-spacing: 0px;\" border=\"0\">\n<tbody>\n<tr>\n<td>&nbsp;&nbsp;<b>Archiv<\/b><\/td>\n<\/tr>\n<\/tbody>\n<\/table>\n<table border=\"1\" width=\"690\">\n<tbody>\n<tr>\n<td bgcolor=\"#F0F0F0\" style=\"padding-left:10;padding-right:10;padding-top:10;padding-bottom:10;font-size: 17px;\">\n&nbsp;V\u0161eobecn\u00e9 podm\u00ednky k poskytovan\u00fdm internetov\u00fdm slu\u017eb\u00e1m&nbsp;<a href=\"..\/..\/pdf\/VP.pdf\" target=\"VP\" rel=\"noopener\">ZDE<\/a><br \/>\n&nbsp;Uk\u00e1zka smlouvy poskytovatele&nbsp;<a href=\"..\/..\/pdf\/smlouva_internet.pdf\" target=\"Smlouva\" rel=\"noopener\">ZDE<\/a><\/td>\n<\/tr>\n<tr>\n<td bgcolor=\"#F0F0F0\" style=\"padding-left:10;padding-right:10;padding-top:10;padding-bottom:10;font-size: 17px;\">\n&nbsp;Kamerov\u00fd software ke sta\u017een\u00ed&nbsp;<a href=\"..\/..\/support\/support.html\" target=\"SUPPORT\" rel=\"noopener\">ZDE<\/a><\/td>\n<\/tr>\n<\/tbody>\n<\/table>\n<\/td>\n<\/tr>\n<\/tbody>\n<\/table>\n<p>&nbsp;<br \/>\n&nbsp;<br \/>\n&nbsp;<br \/>\n&nbsp;<br \/>\n&nbsp;<br \/>\n&nbsp;<br \/>\n&nbsp;<\/p>\n","protected":false},"excerpt":{"rendered":"<p>&nbsp;&nbsp;Archiv &nbsp;V\u0161eobecn\u00e9 podm\u00ednky k poskytovan\u00fdm internetov\u00fdm slu\u017eb\u00e1m&nbsp;ZDE &nbsp;Uk\u00e1zka smlouvy poskytovatele&nbsp;ZDE &nbsp;Kamerov\u00fd software ke sta\u017een\u00ed&nbsp;ZDE &nbsp; &nbsp; &nbsp; &nbsp; &nbsp; &nbsp; &nbsp;<\/p>\n","protected":false},"author":1,"featured_media":0,"parent":0,"menu_order":7,"comment_status":"closed","ping_status":"closed","template":"","meta":{"footnotes":""},"class_list":["post-240","page","type-page","status-publish","hentry"],"_links":{"self":[{"href":"https:\/\/www.rv-soft.net\/index.php\/wp-json\/wp\/v2\/pages\/240","targetHints":{"allow":["GET"]}}],"collection":[{"href":"https:\/\/www.rv-soft.net\/index.php\/wp-json\/wp\/v2\/pages"}],"about":[{"href":"https:\/\/www.rv-soft.net\/index.php\/wp-json\/wp\/v2\/types\/page"}],"author":[{"embeddable":true,"href":"https:\/\/www.rv-soft.net\/index.php\/wp-json\/wp\/v2\/users\/1"}],"replies":[{"embeddable":true,"href":"https:\/\/www.rv-soft.net\/index.php\/wp-json\/wp\/v2\/comments?post=240"}],"version-history":[{"count":37,"href":"https:\/\/www.rv-soft.net\/index.php\/wp-json\/wp\/v2\/pages\/240\/revisions"}],"predecessor-version":[{"id":515,"href":"https:\/\/www.rv-soft.net\/index.php\/wp-json\/wp\/v2\/pages\/240\/revisions\/515"}],"wp:attachment":[{"href":"https:\/\/www.rv-soft.net\/index.php\/wp-json\/wp\/v2\/media?parent=240"}],"curies":[{"name":"wp","href":"https:\/\/api.w.org\/{rel}","templated":true}]}}