{"id":22,"date":"2023-08-06T15:44:51","date_gmt":"2023-08-06T13:44:51","guid":{"rendered":"http:\/\/www2.rv-soft.net\/?page_id=22"},"modified":"2025-07-21T22:35:07","modified_gmt":"2025-07-21T20:35:07","slug":"firemni-dokumenty","status":"publish","type":"page","link":"https:\/\/www.rv-soft.net\/index.php\/firemni-dokumenty\/","title":{"rendered":"Dokumenty"},"content":{"rendered":"<table width=\"700\" style=\"border:0px solid; border-style: hidden;\">\n<tbody>\n<tr>\n<td bgcolor=\"#E0E0E0\" align=\"center\" valign=\"top\" style=\"border-spacing:0px;padding-left:5px;padding-right:5px;padding-top:5;padding-bottom:5;font-size:17px;border-radius:7px;\">\n<table width=\"100%\" bgcolor=\"#101010\" style=\"border-radius:7px;color:white;\">\n<tbody>\n<tr>\n<td>&nbsp;&nbsp;<b>Firemn\u00ed dokumenty<\/b><\/td>\n<\/tr>\n<\/tbody>\n<\/table>\n<table border=\"0\" height=\"200\" width=\"690\" bgcolor=\"#FFFFFF\">\n<tbody>\n<tr>\n<td align=\"center\" valign=\"top\" bgcolor=\"#E0E0E0\" width=\"80\" style=\"line-height:1;font-size:15px;\"><center><br \/>\n<a href=\"..\/..\/pdf\/vypis_rzp.pdf\" target=\"DOC\" rel=\"noopener\"><br \/>\n<img loading=\"lazy\" decoding=\"async\" src=\"..\/..\/image\/pdf-ico.jpg\" alt=\"PDF soubor\" width=\"65\" height=\"65\" border=\"0\"><br \/>\n<\/a>V\u00fdpis \u017eivnosti<\/center><\/td>\n<td align=\"center\" valign=\"top\" bgcolor=\"#E0E0E0\" width=\"80\" style=\"line-height:1;font-size:15px;\"><center><br \/>\n<a href=\"..\/..\/pdf\/koncese.pdf\" target=\"DOC\" rel=\"noopener\"><br \/>\n<img loading=\"lazy\" decoding=\"async\" src=\"..\/..\/image\/pdf-ico.jpg\" alt=\"PDF soubor\" width=\"65\" height=\"65\" border=\"0\"><br \/>\n<\/a>Koncese<\/center><\/td>\n<td align=\"center\" valign=\"top\" bgcolor=\"#E0E0E0\" width=\"80\" style=\"line-height:1;font-size:15px;\"><center><br \/>\n<a href=\"..\/..\/pdf\/vypis_oz.pdf\" target=\"DOC\" rel=\"noopener\"><br \/>\n<img loading=\"lazy\" decoding=\"async\" src=\"..\/..\/image\/pdf-ico.jpg\" alt=\"PDF soubor\" width=\"65\" height=\"65\" border=\"0\"><br \/>\n<\/a>Ochrann\u00e1 zn\u00e1mka<\/center><\/td>\n<td align=\"center\" valign=\"top\" bgcolor=\"#E0E0E0\" width=\"80\" style=\"line-height:1;font-size:15px;\"><center><br \/>\n<a href=\"..\/..\/pdf\/TICR.EZ-M.pdf\" target=\"DOC\" rel=\"noopener\"><br \/>\n<img loading=\"lazy\" decoding=\"async\" src=\"..\/..\/image\/pdf-ico.jpg\" alt=\"PDF soubor\" width=\"65\" height=\"65\" border=\"0\"><br \/>\n<\/a>TI\u010cR EZ-M,O,R,Z-E2A<\/center><\/td>\n<td align=\"center\" valign=\"top\" bgcolor=\"#E0E0E0\" width=\"80\" style=\"line-height:1;font-size:15px;\"><center><br \/>\n<a href=\"..\/..\/pdf\/Zakon.250.pdf\" target=\"DOC\" rel=\"noopener\"><br \/>\n<img loading=\"lazy\" decoding=\"async\" src=\"..\/..\/image\/pdf-ico.jpg\" alt=\"PDF soubor\" width=\"65\" height=\"65\" border=\"0\"><br \/>\n<\/a>Z\u00e1kon 250<br \/>\u00a78 a \u00a79<\/center><\/td>\n<td align=\"center\" valign=\"top\" bgcolor=\"#E0E0E0\" width=\"80\" style=\"line-height:1;font-size:15px;\"><center><br \/>\n<\/center>\n<\/td>\n<\/tr>\n<tr>\n<td align=\"center\" valign=\"top\" bgcolor=\"#E0E0E0\" width=\"80\" style=\"line-height:1;font-size:15px;\"><center><br \/>\n<a href=\"..\/..\/pdf\/dph.pdf\" target=\"DOC\" rel=\"noopener\"><br \/>\n<img loading=\"lazy\" decoding=\"async\" src=\"..\/..\/image\/pdf-ico.jpg\" alt=\"PDF soubor\" width=\"65\" height=\"65\" border=\"0\"><br \/>\n<\/a>Registrace k DPH<\/center><\/td>\n<td align=\"center\" valign=\"top\" bgcolor=\"#E0E0E0\" width=\"80\" style=\"line-height:1;font-size:15px;\"><center><br \/>\n<a href=\"..\/..\/pdf\/ctu.pdf\" target=\"DOC\" rel=\"noopener\"><br \/>\n<img loading=\"lazy\" decoding=\"async\" src=\"..\/..\/image\/pdf-ico.jpg\" alt=\"PDF soubor\" width=\"65\" height=\"65\" border=\"0\"><br \/>\n<\/a>Registrace k \u010cT\u00da<\/center><\/td>\n<td align=\"center\" valign=\"top\" bgcolor=\"#E0E0E0\" width=\"80\" style=\"line-height:1;font-size:15px;\"><center><br \/>\n<a href=\"..\/..\/pdf\/Pojisteni_odpovednosti.pdf\" target=\"DOC\" rel=\"noopener\"><br \/>\n<img loading=\"lazy\" decoding=\"async\" src=\"..\/..\/image\/pdf-ico.jpg\" alt=\"PDF soubor\" width=\"65\" height=\"65\" border=\"0\"><br \/>\n<\/a>Poji\u0161t\u011bn\u00ed odpov\u011bdnosti<\/center><\/td>\n<td align=\"center\" valign=\"top\" bgcolor=\"#E0E0E0\" width=\"80\"><\/td>\n<td align=\"center\" valign=\"top\" bgcolor=\"#E0E0E0\" width=\"80\"><\/td>\n<td align=\"center\" valign=\"top\" bgcolor=\"#E0E0E0\" width=\"80\"><\/td>\n<\/tr>\n<\/tbody>\n<\/table>\n<\/td>\n<\/tr>\n<\/tbody>\n<\/table>\n","protected":false},"excerpt":{"rendered":"<p>&nbsp;&nbsp;Firemn\u00ed dokumenty V\u00fdpis \u017eivnosti Koncese Ochrann\u00e1 zn\u00e1mka TI\u010cR EZ-M,O,R,Z-E2A Z\u00e1kon 250\u00a78 a \u00a79 Registrace k DPH Registrace k \u010cT\u00da Poji\u0161t\u011bn\u00ed odpov\u011bdnosti<\/p>\n","protected":false},"author":1,"featured_media":0,"parent":0,"menu_order":3,"comment_status":"closed","ping_status":"closed","template":"","meta":{"footnotes":""},"class_list":["post-22","page","type-page","status-publish","hentry"],"_links":{"self":[{"href":"https:\/\/www.rv-soft.net\/index.php\/wp-json\/wp\/v2\/pages\/22","targetHints":{"allow":["GET"]}}],"collection":[{"href":"https:\/\/www.rv-soft.net\/index.php\/wp-json\/wp\/v2\/pages"}],"about":[{"href":"https:\/\/www.rv-soft.net\/index.php\/wp-json\/wp\/v2\/types\/page"}],"author":[{"embeddable":true,"href":"https:\/\/www.rv-soft.net\/index.php\/wp-json\/wp\/v2\/users\/1"}],"replies":[{"embeddable":true,"href":"https:\/\/www.rv-soft.net\/index.php\/wp-json\/wp\/v2\/comments?post=22"}],"version-history":[{"count":80,"href":"https:\/\/www.rv-soft.net\/index.php\/wp-json\/wp\/v2\/pages\/22\/revisions"}],"predecessor-version":[{"id":727,"href":"https:\/\/www.rv-soft.net\/index.php\/wp-json\/wp\/v2\/pages\/22\/revisions\/727"}],"wp:attachment":[{"href":"https:\/\/www.rv-soft.net\/index.php\/wp-json\/wp\/v2\/media?parent=22"}],"curies":[{"name":"wp","href":"https:\/\/api.w.org\/{rel}","templated":true}]}}