{"id":219,"date":"2023-08-07T13:15:19","date_gmt":"2023-08-07T11:15:19","guid":{"rendered":"http:\/\/www2.rv-soft.net\/?page_id=219"},"modified":"2025-08-15T22:54:29","modified_gmt":"2025-08-15T20:54:29","slug":"outsourcing","status":"publish","type":"page","link":"https:\/\/www.rv-soft.net\/index.php\/outsourcing\/","title":{"rendered":"Pro firmy"},"content":{"rendered":"<table width=\"700\" style=\"border:0px solid; border-style: hidden;\">\n<tbody>\n<tr>\n<td bgcolor=\"#E0E0E0\" align=\"center\" valign=\"top\" style=\"border-spacing:0px;padding-left:5px;padding-right:5px;padding-top:5;padding-bottom:5;font-size:17px;border-radius:7px;\">\n<table width=\"100%\" bgcolor=\"#101010\" style=\"border-radius:7px;color:white;\">\n<tbody>\n<tr>\n<td>&nbsp;&nbsp;<b>Outsourcing &#8211; pro firmy<\/b><\/td>\n<\/tr>\n<\/tbody>\n<\/table>\n<table border=\"1\" width=\"690\">\n<tbody>\n<tr>\n<td bgcolor=\"#F0F0F0\" style=\"padding-left:10px;padding-right:10px;padding-top:0px;padding-bottom:0px;\">\n<p align=\"left\" style=\"font-size: 17px;\">\n&nbsp;&nbsp;&nbsp;&nbsp;&nbsp;&nbsp;&nbsp;Mnoho organizac\u00ed a firem m\u016f\u017ee jen velmi obt\u00ed\u017en\u011b dr\u017eet krok s technick\u00fdm rozvojem v\u00fdpo\u010detn\u00ed techniky a komunikac\u00ed v\u016fbec. Operativn\u00ed rozhodov\u00e1n\u00ed organizac\u00ed je ve v\u011bt\u0161in\u011b p\u0159\u00edpadech z\u00e1visl\u00e9 na funk\u010dnosti v\u00fdpo\u010detn\u00ed a telekomunika\u010dn\u00ed techniky, kde nedostate\u010dn\u00e1 znalost technick\u00fdch mo\u017enost\u00ed m\u00e1 na samotnou existenci organizace velmi negativn\u00ed dopad. Tento negativn\u00ed dopad m\u016f\u017ee zp\u016fsobit nap\u0159\u00edklad nevhodn\u00e1 volba technologie \u010di jej\u00ed nevhodn\u00e9 pou\u017eit\u00ed.<\/p>\n<p align=\"left\" style=\"font-size: 17px;\">\n&nbsp;&nbsp;&nbsp;&nbsp;&nbsp;&nbsp;&nbsp;N\u00e1\u0161 p\u0159\u00edstup v uskute\u010d\u0148ov\u00e1n\u00ed a realizaci pot\u0159eb z\u00e1kazn\u00edka p\u0159i spr\u00e1v\u011b technologi\u00ed IT je nejen o dokonal\u00e9m servisn\u00edm syst\u00e9mu, ale zab\u00fdv\u00e1 se tak\u00e9 ot\u00e1zkou efektivnosti a optimalizace sou\u010dasn\u00e9 \u010di budouc\u00ed infrastruktury.<\/p>\n<p align=\"left\" style=\"font-size: 17px;\">\n&nbsp;&nbsp;&nbsp;&nbsp;&nbsp;&nbsp;&nbsp;Jestli\u017ee informa\u010dn\u00ed technologie, v\u00fdpo\u010detn\u00ed \u010di telekomunika\u010dn\u00ed technika nen\u00ed va\u0161\u00edm vlastn\u00edm oborem, st\u00e1v\u00e1 se pro V\u00e1s zaveden\u00ed outsourcingov\u00e9ho p\u0159\u00edstupu velk\u00fdm p\u0159\u00ednosem v oblasti konkurenceschopnosti vzhledem k organizac\u00edm, kter\u00e9 si tyto slu\u017eby zaji\u0161\u0165uj\u00ed z vlastn\u00edch zdroj\u016f. Outsourcing v\u00e1m dovol\u00ed se soust\u0159edit pouze na Va\u0161\u00ed obchodn\u00ed \u010dinnost.<\/p>\n<p align=\"left\" style=\"font-size: 17px;\">\n&nbsp;&nbsp;&nbsp;&nbsp;&nbsp;&nbsp;&nbsp;My, jako outsourcingov\u00fd dodavatel, jsme pro V\u00e1s schopni sv\u00fdmi slu\u017ebami vytvo\u0159it zna\u010dn\u00e9 \u00faspory. D\u00edky komplexnosti slu\u017eeb v oblasti IT jsme schopni u\u0161et\u0159it mnoho prost\u0159edk\u016f, kter\u00e9 by jste byli nuceni proinvestovat za n\u00e1kup techniky, softwaru a slu\u017eeb.<\/p>\n<p align=\"left\" style=\"font-size: 17px;\">\n&nbsp;&nbsp;&nbsp;&nbsp;&nbsp;&nbsp;&nbsp;U n\u00e1s z\u00edsk\u00e1v\u00e1te p\u0159\u00edstup ke zku\u0161enostem specialist\u016f firmy, kter\u00e9 m\u016f\u017eete kdykoliv pou\u017e\u00edt p\u0159i \u0159e\u0161en\u00ed standardn\u00edch \u010di jakkoliv mimo\u0159\u00e1dn\u00fdch situac\u00ed.<\/p>\n<p align=\"left\" style=\"font-size: 17px;\">\n&nbsp;&nbsp;&nbsp;&nbsp;&nbsp;&nbsp;&nbsp;D\u00edky na\u0161emu vypracovan\u00e9mu bezpe\u010dnostn\u00edmu auditu a letit\u00fdmi zku\u0161enostmi, jsme v\u00e1m schopni zajistit ochranu p\u0159ed hrozbami \u010d\u00edhaj\u00edc\u00ed na internetu.<\/p>\n<\/td>\n<\/tr>\n<\/tbody>\n<\/table>\n<\/td>\n<\/tr>\n<\/tbody>\n<\/table>\n","protected":false},"excerpt":{"rendered":"<p>&nbsp;&nbsp;Outsourcing &#8211; pro firmy &nbsp;&nbsp;&nbsp;&nbsp;&nbsp;&nbsp;&nbsp;Mnoho organizac\u00ed a firem m\u016f\u017ee jen velmi obt\u00ed\u017en\u011b dr\u017eet krok s technick\u00fdm rozvojem v\u00fdpo\u010detn\u00ed techniky a komunikac\u00ed v\u016fbec. Operativn\u00ed rozhodov\u00e1n\u00ed organizac\u00ed je ve v\u011bt\u0161in\u011b p\u0159\u00edpadech z\u00e1visl\u00e9 na funk\u010dnosti v\u00fdpo\u010detn\u00ed a telekomunika\u010dn\u00ed techniky, kde nedostate\u010dn\u00e1 znalost technick\u00fdch mo\u017enost\u00ed m\u00e1 na samotnou existenci organizace velmi negativn\u00ed dopad. Tento negativn\u00ed dopad m\u016f\u017ee zp\u016fsobit nap\u0159\u00edklad [&hellip;]<\/p>\n","protected":false},"author":1,"featured_media":0,"parent":0,"menu_order":5,"comment_status":"closed","ping_status":"closed","template":"","meta":{"footnotes":""},"class_list":["post-219","page","type-page","status-publish","hentry"],"_links":{"self":[{"href":"https:\/\/www.rv-soft.net\/index.php\/wp-json\/wp\/v2\/pages\/219","targetHints":{"allow":["GET"]}}],"collection":[{"href":"https:\/\/www.rv-soft.net\/index.php\/wp-json\/wp\/v2\/pages"}],"about":[{"href":"https:\/\/www.rv-soft.net\/index.php\/wp-json\/wp\/v2\/types\/page"}],"author":[{"embeddable":true,"href":"https:\/\/www.rv-soft.net\/index.php\/wp-json\/wp\/v2\/users\/1"}],"replies":[{"embeddable":true,"href":"https:\/\/www.rv-soft.net\/index.php\/wp-json\/wp\/v2\/comments?post=219"}],"version-history":[{"count":20,"href":"https:\/\/www.rv-soft.net\/index.php\/wp-json\/wp\/v2\/pages\/219\/revisions"}],"predecessor-version":[{"id":736,"href":"https:\/\/www.rv-soft.net\/index.php\/wp-json\/wp\/v2\/pages\/219\/revisions\/736"}],"wp:attachment":[{"href":"https:\/\/www.rv-soft.net\/index.php\/wp-json\/wp\/v2\/media?parent=219"}],"curies":[{"name":"wp","href":"https:\/\/api.w.org\/{rel}","templated":true}]}}