{"id":20,"date":"2023-08-06T15:42:00","date_gmt":"2023-08-06T13:42:00","guid":{"rendered":"http:\/\/www2.rv-soft.net\/?page_id=20"},"modified":"2025-09-27T20:20:13","modified_gmt":"2025-09-27T18:20:13","slug":"kontakty","status":"publish","type":"page","link":"https:\/\/www.rv-soft.net\/index.php\/kontakty\/","title":{"rendered":"Kontakty"},"content":{"rendered":"<table border=\"0\" width=\"700\" style=\"border-style: hidden;\">\n<tbody>\n<tr>\n<td bgcolor=\"#F0F0F0\" style=\"padding-left:15;padding-right:10;padding-top:10;padding-bottom:10;font-size:17px;border-radius:7px;\">\n<table border=\"0\" width=\"100%\" bgcolor=\"#101010\" style=\"border-radius:7px;color:white;\">\n<tbody>\n<tr>\n<td>\n<b>&nbsp;RV-SOFT Technology\u00ae, Radim Axel V\u00e1vra<\/b><\/td>\n<\/tr>\n<\/tbody>\n<\/table>\n<table border=\"0\" width=\"100%\">\n<tbody>\n<tr>\n<td width=\"185\" style=\"padding-left:15;\">\nAdresa<\/td>\n<td>\nHrani\u010dn\u00ed 37\/34, 405 02 D\u011b\u010d\u00edn XXIII-Popovice, <a href=\"https:\/\/mapy.com\/cs\/zakladni?source=firm&#038;id=172047&#038;ds=1&#038;x=14.1767444&#038;y=50.7647293&#038;z=17\" target=\"mapa\" rel=\"noopener\">mapa<\/a><\/td>\n<\/tr>\n<tr>\n<td style=\"padding-left:15;\">\nI\u010cO,&nbsp;DI\u010c,&nbsp;TI\u010cR<\/td>\n<td>\n60266571,&nbsp;CZ7104252386,&nbsp;9968\/25\/EZ-M,O,R,Z-E2A<\/td>\n<\/tr>\n<tr>\n<td style=\"padding-left:15;\">\nKoncese<\/td>\n<td>\nMM D\u011b\u010d\u00edn \u010d.j.78\/11\/K\/Be<\/td>\n<\/tr>\n<tr>\n<td style=\"padding-left:15;\">\nTelefon<\/td>\n<td>\n(420) 477 755 005<\/td>\n<\/tr>\n<tr>\n<td style=\"padding-left:15;\">\nMobil<\/td>\n<td>\n(420) 777 041 616<\/td>\n<\/tr>\n<tr>\n<td style=\"padding-left:15;\">\nDatov\u00e1 schr\u00e1nka<\/td>\n<td>\nhwx2pqb<\/td>\n<\/tr>\n<tr>\n<td style=\"padding-left:15;\">\nMail<\/td>\n<td>\n<a href=\"mailto:info@rv-soft.net\">info@rv-soft.net<\/a><\/td>\n<\/tr>\n<tr>\n<td style=\"padding-left:15;\">\nTechnick\u00e1 podpora<\/td>\n<td>\n(420) 477 755 006&nbsp;,&nbsp;&nbsp;<a href=\"mailto:helpdesk@rv-soft.net\">support@rv-soft.net<\/a><\/td>\n<\/tr>\n<\/tbody>\n<\/table>\n<table border=\"0\" width=\"100%\">\n<tbody>\n<tr>\n<td bgcolor=\"#101010\" style=\"border-radius:7px;color:white;\">\n<b>&nbsp;Provozn\u00ed doba<\/b><\/td>\n<\/tr>\n<\/tbody>\n<\/table>\n<table border=\"0\" width=\"100%\">\n<tbody>\n<tr>\n<td>\nPo-P\u00e1&nbsp;9:00-16:00, So-Ne a sv\u00e1tky&nbsp;smluvn\u00ed.<br \/>\nOsobn\u00ed n\u00e1v\u0161t\u011bvu na pobo\u010dce je t\u0159eba p\u0159edem domluvit.<\/td>\n<\/tr>\n<\/tbody>\n<\/table>\n<table border=\"0\" width=\"100%\">\n<tbody>\n<tr>\n<td bgcolor=\"#101010\" style=\"border-radius:7px;color:white;\">\n<b>&nbsp;Ostatn\u00ed na\u0161e prezentace<\/b><\/td>\n<\/tr>\n<\/tbody>\n<\/table>\n<table border=\"0\" width=\"100%\">\n<tbody>\n<tr>\n<td style=\"padding-left:15;\">\n<a href=\"https:\/\/www.vavra-revize.cz\" target=\"vavra\" title=\"Radim Axel V\u00e1vra, mont\u00e1\u017ee, servis, revize elektro, EPS, EZS, EVS, SKS a CCTV.\" rel=\"noopener\">WWW.VAVRA-REVIZE.CZ<\/a>,&nbsp;&nbsp;<a href=\"https:\/\/www.alarmy-vavra.cz\" target=\"alarmy\" title=\"Radim Axel V\u00e1vra, zabezpe\u010dovac\u00ed syst\u00e9my, ochrana majetku a osob.\" rel=\"noopener\">WWW.ALARMY-VAVRA.CZ<\/a>,&nbsp;<\/td>\n<\/tr>\n<\/tbody>\n<\/table>\n<table border=\"0\" width=\"100%\">\n<tbody>\n<tr>\n<td bgcolor=\"#101010\" style=\"border-radius:7px;color:white;\">\n<b>&nbsp;Lid\u00e9 ve firm\u011b<\/b><\/td>\n<\/tr>\n<\/tbody>\n<\/table>\n<table width=\"100%\" style=\"border: 1px solid white;border-collapse: collapse;background-color: #D0D0D0;\">\n<tbody>\n<tr>\n<td width=\"320\" style=\"padding-left:15;border: 1px solid white;\" nowrap=\"\">\n<b>Radim Axel V\u00e1vra<\/b>, HW specialista,<br \/>\nelektronik, v\u00fdvoj, programov\u00e1n\u00ed HW<\/td>\n<td style=\"padding-left:15;border: 1px solid white;\" nowrap=\"\">\n(420) 777 041 616&nbsp;,&nbsp;&nbsp;<br \/>\n<a href=\"mailto:r.a.vavra@rv-soft.net\">r.a.vavra@rv-soft.net<\/a><\/td>\n<\/tr>\n<tr>\n<td width=\"320\" style=\"padding-left:15;border: 1px solid white;\" nowrap=\"\">\n<b>Jaroslava V\u00e1vrov\u00e1<\/b>,<br \/>\nasistent, administrativa<\/td>\n<td style=\"padding-left:15;border: 1px solid white;\" nowrap=\"\">\n(420) 721 270 343&nbsp;,&nbsp;&nbsp;<br \/>\n<a href=\"mailto:fakturace@rv-soft.net\">fakturace@rv-soft.net<\/a><\/td>\n<\/tr>\n<tr>\n<td width=\"320\" style=\"padding-left:15;border: 1px solid white;\" nowrap=\"\">\n<b>Pavel Vyb\u00edral<\/b>,<br \/>\nmont\u00e1\u017en\u00ed technik elektro<\/td>\n<td style=\"padding-left:15;border: 1px solid white;\" nowrap=\"\">\n(420) 777 930 019&nbsp;,&nbsp;&nbsp;<br \/>\n<a href=\"mailto:p.vybiral@rv-soft.net\">p.vybiral@rv-soft.net<\/a><\/td>\n<\/tr>\n<tr>\n<td width=\"320\" style=\"padding-left:15;border: 1px solid white;\" nowrap=\"\">\n<b>Jan Flori\u00e1n<\/b>,<br \/>\nIT externista<\/td>\n<td style=\"padding-left:15;border: 1px solid white;\" nowrap=\"\">\n(420) 774 039 223&nbsp;,&nbsp;&nbsp;<br \/>\n<a href=\"mailto:jenius@rv-soft.net\">jenius@rv-soft.net<\/a><\/td>\n<\/tr>\n<\/tbody>\n<\/table>\n<table border=\"0\" width=\"100%\">\n<tbody>\n<tr>\n<td bgcolor=\"#101010\" style=\"border-radius:7px;color:white;\">\n<b>&nbsp;Bankovn\u00ed spojen\u00ed<\/b><\/td>\n<\/tr>\n<\/tbody>\n<\/table>\n<table border=\"0\" width=\"100%\">\n<tbody>\n<tr>\n<td width=\"160\" style=\"padding-left:15;\">\n<a href=\"https:\/\/www.fio.cz\/\" target=\"_blank\" rel=\"noopener\">FIO CZK<\/a><\/td>\n<td>\n7777077770 \/ 2010  (CZK, DPH \u00fa\u010det)<\/td>\n<\/tr>\n<tr>\n<td width=\"160\" style=\"padding-left:15;\">\n<a href=\"https:\/\/www.fio.cz\/\" target=\"_blank\" rel=\"noopener\">FIO EUR<\/a><\/td>\n<td>\n2001727825 \/ 2010  (EUR)<\/td>\n<\/tr>\n<\/tbody>\n<\/table>\n<\/td>\n<\/tr>\n<\/tbody>\n<\/table>\n","protected":false},"excerpt":{"rendered":"<p>&nbsp;RV-SOFT Technology\u00ae, Radim Axel V\u00e1vra Adresa Hrani\u010dn\u00ed 37\/34, 405 02 D\u011b\u010d\u00edn XXIII-Popovice, mapa I\u010cO,&nbsp;DI\u010c,&nbsp;TI\u010cR 60266571,&nbsp;CZ7104252386,&nbsp;9968\/25\/EZ-M,O,R,Z-E2A Koncese MM D\u011b\u010d\u00edn \u010d.j.78\/11\/K\/Be Telefon (420) 477 755 005 Mobil (420) 777 041 616 Datov\u00e1 schr\u00e1nka hwx2pqb Mail info@rv-soft.net Technick\u00e1 podpora (420) 477 755 006&nbsp;,&nbsp;&nbsp;support@rv-soft.net &nbsp;Provozn\u00ed doba Po-P\u00e1&nbsp;9:00-16:00, So-Ne a sv\u00e1tky&nbsp;smluvn\u00ed. Osobn\u00ed n\u00e1v\u0161t\u011bvu na pobo\u010dce je t\u0159eba p\u0159edem domluvit. &nbsp;Ostatn\u00ed [&hellip;]<\/p>\n","protected":false},"author":1,"featured_media":0,"parent":0,"menu_order":2,"comment_status":"closed","ping_status":"closed","template":"","meta":{"footnotes":""},"class_list":["post-20","page","type-page","status-publish","hentry"],"_links":{"self":[{"href":"https:\/\/www.rv-soft.net\/index.php\/wp-json\/wp\/v2\/pages\/20","targetHints":{"allow":["GET"]}}],"collection":[{"href":"https:\/\/www.rv-soft.net\/index.php\/wp-json\/wp\/v2\/pages"}],"about":[{"href":"https:\/\/www.rv-soft.net\/index.php\/wp-json\/wp\/v2\/types\/page"}],"author":[{"embeddable":true,"href":"https:\/\/www.rv-soft.net\/index.php\/wp-json\/wp\/v2\/users\/1"}],"replies":[{"embeddable":true,"href":"https:\/\/www.rv-soft.net\/index.php\/wp-json\/wp\/v2\/comments?post=20"}],"version-history":[{"count":60,"href":"https:\/\/www.rv-soft.net\/index.php\/wp-json\/wp\/v2\/pages\/20\/revisions"}],"predecessor-version":[{"id":796,"href":"https:\/\/www.rv-soft.net\/index.php\/wp-json\/wp\/v2\/pages\/20\/revisions\/796"}],"wp:attachment":[{"href":"https:\/\/www.rv-soft.net\/index.php\/wp-json\/wp\/v2\/media?parent=20"}],"curies":[{"name":"wp","href":"https:\/\/api.w.org\/{rel}","templated":true}]}}